{"id":31757,"date":"2020-12-04T18:10:23","date_gmt":"2020-12-04T17:10:23","guid":{"rendered":"http:\/\/wearepropos.es\/politique-de-confidentialite\/"},"modified":"2023-08-21T11:34:58","modified_gmt":"2023-08-21T09:34:58","slug":"accesibilite","status":"publish","type":"page","link":"https:\/\/wearepropos.es\/fr\/accesibilite\/","title":{"rendered":"Accesibilit\u00e9"},"content":{"rendered":"<p>[et_pb_section fb_built=\u00a0\u00bb1&Prime; _builder_version=\u00a0\u00bb4.16&Prime; background_image=\u00a0\u00bbhttps:\/\/emebranding.es\/wp-content\/uploads\/2020\/12\/banner-2030-sostenibilidad-2.svg\u00a0\u00bb background_size=\u00a0\u00bbinitial\u00a0\u00bb background_position=\u00a0\u00bbbottom_center\u00a0\u00bb min_height=\u00a0\u00bb377px\u00a0\u00bb custom_margin=\u00a0\u00bb-10px||1px|||\u00a0\u00bb custom_padding=\u00a0\u00bb18px||0px||false|false\u00a0\u00bb global_colors_info=\u00a0\u00bb{}\u00a0\u00bb][et_pb_row _builder_version=\u00a0\u00bb4.18.0&Prime; width=\u00a0\u00bb43%\u00a0\u00bb width_tablet=\u00a0\u00bb\u00a0\u00bb width_phone=\u00a0\u00bb90%\u00a0\u00bb width_last_edited=\u00a0\u00bbon|phone\u00a0\u00bb module_alignment=\u00a0\u00bbcenter\u00a0\u00bb min_height=\u00a0\u00bb383px\u00a0\u00bb custom_margin=\u00a0\u00bb-5px|auto|4px|auto|false|false\u00a0\u00bb custom_padding=\u00a0\u00bb41px||41px||true|false\u00a0\u00bb global_colors_info=\u00a0\u00bb{}\u00a0\u00bb][et_pb_column type=\u00a0\u00bb4_4&Prime; _builder_version=\u00a0\u00bb4.16&Prime; global_colors_info=\u00a0\u00bb{}\u00a0\u00bb][et_pb_text _builder_version=\u00a0\u00bb4.18.0&Prime; min_height=\u00a0\u00bb40px\u00a0\u00bb custom_margin=\u00a0\u00bb27px||-6px|||\u00a0\u00bb custom_margin_tablet=\u00a0\u00bb\u00a0\u00bb custom_margin_phone=\u00a0\u00bb20px||||false|false\u00a0\u00bb custom_margin_last_edited=\u00a0\u00bbon|phone\u00a0\u00bb custom_padding=\u00a0\u00bb13px||0px|||\u00a0\u00bb animation_direction=\u00a0\u00bbbottom\u00a0\u00bb global_colors_info=\u00a0\u00bb{}\u00a0\u00bb]<\/p>\n<h2 style=\"font-size:55px; color:#37456d;\">Politique de confidentialit\u00e9<\/h2>\n<p>[\/et_pb_text][et_pb_text _builder_version=\u00a0\u00bb4.21.0&Prime; custom_margin=\u00a0\u00bb0px||0px||false|false\u00a0\u00bb custom_padding=\u00a0\u00bb24px||17px||false|false\u00a0\u00bb animation_direction=\u00a0\u00bbbottom\u00a0\u00bb hover_enabled=\u00a0\u00bb0&Prime; inline_fonts=\u00a0\u00bbamfibia-demibold,amfibia-book\u00a0\u00bb global_colors_info=\u00a0\u00bb{}\u00a0\u00bb sticky_enabled=\u00a0\u00bb0&Prime;]<\/p>\n<p style=\"font-size: 24px !important; line-height: 28px !important; color: #6884a1;\">La pr\u00e9sente politique de confidentialit\u00e9 a pour objet de d\u00e9crire la gestion, l&rsquo;utilisation et le traitement des donn\u00e9es personnelles de ses utilisateurs, conform\u00e9ment au r\u00e8glement UE 2016\/679, pour ceux qui se connectent au site web de MBrand Consulting SL (PROP\u00d3S) \u00e0 l&rsquo;adresse www.wearepropos.es.<\/p>\n<h3><span style=\"font-family: bold !important; font-weight: normal; color: #6884a1; font-size: x-large;\">Coordonn\u00e9es de la personne \u00e0 contacter  <\/span><\/h3>\n<p>MBrand Consulting, SL<br \/>B26567966<br \/>Calle Manzanares, 4, 28005 Madrid (Communaut\u00e9 de Madrid)<br \/>+34 613<span> 076 330<\/span><br \/>hello@wearepropos.es<\/p>\n<p>Les utilisateurs doivent lire attentivement la pr\u00e9sente politique de protection de la vie priv\u00e9e avant de soumettre des informations personnelles et\/ou de remplir des formulaires \u00e9lectroniques sur le site web.<\/p>\n<p><span style=\"font-family: bold !important; font-weight: normal; color: #6884a1; font-size: x-large;\">Traitement des donn\u00e9es<br \/><span style=\"font-size: medium; color: #d5c0ab;\"><\/span><\/span><\/p>\n<p>Les finalit\u00e9s du traitement des donn\u00e9es personnelles g\u00e9r\u00e9es par ce site web et fournies par les utilisateurs par le biais de formulaires en ligne, de r\u00e9seaux sociaux ou acquises automatiquement au cours de la navigation sont \u00e9num\u00e9r\u00e9es.<\/p>\n<p>Les finalit\u00e9s du traitement des donn\u00e9es \u00e0 caract\u00e8re personnel sont les suivantes :<\/p>\n<p style=\"padding-left: 30px;\">1) Am\u00e9liorer et personnaliser l&rsquo;exp\u00e9rience de l&rsquo;utilisateur du site web.<\/p>\n<p style=\"padding-left: 30px;\">2) Permettre l&rsquo;enregistrement sur le site web pour acc\u00e9der \u00e0 des sections sp\u00e9cifiques du site web et pour fournir et g\u00e9rer les diff\u00e9rents services offerts.<\/p>\n<p style=\"padding-left: 30px;\">3) Permettre aux utilisateurs de publier leurs propres contenus directement sur le site ou sur des sites g\u00e9r\u00e9s de mani\u00e8re ind\u00e9pendante par des tiers avec lesquels PROP\u00d3S a conclu des accords \u00e0 cet effet, tels que, \u00e0 titre d&rsquo;exemple, mais sans s&rsquo;y limiter, les r\u00e9seaux sociaux comme Facebook, Twitter, etc.<\/p>\n<p style=\"padding-left: 30px;\">4) Avec un consentement pr\u00e9alable, pour r\u00e9aliser des activit\u00e9s de marketing telles que l&rsquo;envoi de mat\u00e9riel et de contenu promotionnel et publicitaire en relation avec PROP\u00d3S et le reste des soci\u00e9t\u00e9s du groupe PROP\u00d3S.<\/p>\n<p>Des avis d&rsquo;information sp\u00e9cifiques suppl\u00e9mentaires peuvent \u00eatre fournis et \u00e9ventuellement publi\u00e9s sur le site web dans le cadre d&rsquo;op\u00e9rations sp\u00e9cifiques impliquant la fourniture de donn\u00e9es personnelles sp\u00e9cifiques (par exemple, dans le cas d&rsquo;\u00e9v\u00e9nements ou de campagnes sp\u00e9ciales, de concours, etc.)<\/p>\n<p><span style=\"font-family: bold !important; font-weight: normal; color: #6884a1; font-size: x-large;\">M\u00e9thodes de traitement des donn\u00e9es<\/span><\/p>\n<p>Le traitement des donn\u00e9es personnelles est effectu\u00e9 \u00e0 l&rsquo;aide d&rsquo;outils automatis\u00e9s (par exemple, en utilisant des proc\u00e9dures \u00e9lectroniques et des supports de stockage) et\/ou manuellement (par exemple, sur papier) pendant le temps strictement n\u00e9cessaire pour atteindre les objectifs pour lesquels les donn\u00e9es ont \u00e9t\u00e9 collect\u00e9es et, dans tous les cas, conform\u00e9ment \u00e0 la r\u00e9glementation en vigueur. Dans le cadre de ce traitement, PROP\u00d3S a pris les mesures de s\u00e9curit\u00e9 requises par la loi pour assurer l&rsquo;int\u00e9grit\u00e9 et la confidentialit\u00e9 des donn\u00e9es.<\/p>\n<p><span style=\"font-family: bold !important; font-weight: normal; color: #6884a1; font-size: x-large;\"><br \/>Type et source des donn\u00e9es trait\u00e9es<br \/><\/span><\/p>\n<p><span style=\"font-family: bold !important; font-size: 18px;\">1. les donn\u00e9es de navigation<\/span><\/p>\n<p>En principe, il est possible de naviguer sur le site web sans avoir \u00e0 fournir de donn\u00e9es personnelles. Le site web est divis\u00e9 en sections distinctes, dont certaines peuvent n\u00e9cessiter la saisie de donn\u00e9es, d&rsquo;autres non.<br \/>Les syst\u00e8mes informatiques et les proc\u00e9dures logicielles utilis\u00e9s pour faire fonctionner ce site Web acqui\u00e8rent, dans le cadre de leur fonctionnement normal, certaines informations personnelles qui sont implicitement transmises lors de l&rsquo;utilisation des protocoles de communication Internet.<\/p>\n<p>Ces informations, de par leur nature, peuvent, par l&rsquo;association et le traitement de donn\u00e9es d\u00e9tenues par des tiers, permettre d&rsquo;identifier les utilisateurs\/visiteurs (par exemple, par leur adresse IP, les noms de domaine des ordinateurs utilis\u00e9s pour se connecter au site web, etc.)<\/p>\n<p>Ces informations sont principalement utilis\u00e9es pour compiler des informations statistiques, v\u00e9rifier le bon fonctionnement du site web et rendre la navigation plus efficace.<\/p>\n<p>Ces coordonn\u00e9es ne sont pas conserv\u00e9es apr\u00e8s traitement, sauf si cela s&rsquo;av\u00e8re n\u00e9cessaire dans le cadre d&rsquo;une enqu\u00eate sur un d\u00e9lit informatique commis \u00e0 l&rsquo;encontre du site web.<\/p>\n<p>Aucune donn\u00e9e d\u00e9riv\u00e9e du service web ne sera communiqu\u00e9e ou diffus\u00e9e \u00e0 des tiers non autoris\u00e9s.<br \/>Pour plus d&rsquo;informations concernant sp\u00e9cifiquement les cookies, veuillez consulter la section d\u00e9di\u00e9e.<\/p>\n<p><span style=\"font-size: large; font-family: bold !important; font-weight: normal;\">2. Donn\u00e9es fournies volontairement par les utilisateurs<\/span><\/p>\n<p>Lorsque les utilisateurs se connectent \u00e0 ce site Web, envoient des informations personnelles pour acc\u00e9der \u00e0 certains services (par exemple, bulletins d&rsquo;information, abonnements \u00e0 des concours) ou pour faire des demandes par courrier \u00e9lectronique, cette action implique l&rsquo;acquisition par PROP\u00d3S de l&rsquo;adresse de l&rsquo;exp\u00e9diteur et\/ou d&rsquo;autres donn\u00e9es personnelles. Ces donn\u00e9es seront trait\u00e9es exclusivement pour r\u00e9pondre \u00e0 la demande particuli\u00e8re ou pour fournir le service.<\/p>\n<p>L&rsquo;utilisateur doit remplir les formulaires avec des donn\u00e9es vraies, exactes, compl\u00e8tes et \u00e0 jour, et sera responsable des dommages qui pourraient \u00eatre caus\u00e9s \u00e0 PROP\u00d3S ou \u00e0 des tiers du fait que les formulaires ont \u00e9t\u00e9 remplis avec des donn\u00e9es fausses, inexactes, incompl\u00e8tes ou p\u00e9rim\u00e9es. Les donn\u00e9es personnelles fournies par les utilisateurs ne seront communiqu\u00e9es \u00e0 des tiers que si la communication est n\u00e9cessaire pour r\u00e9pondre aux demandes des utilisateurs.<\/p>\n<p>Conform\u00e9ment \u00e0 la l\u00e9gislation en vigueur sur la protection des donn\u00e9es r\u00e9glement\u00e9e par le r\u00e8glement europ\u00e9en 2016\/679, nous vous informons que les donn\u00e9es personnelles que vous fournissez seront incorpor\u00e9es dans un fichier automatis\u00e9 appartenant \u00e0 PROP\u00d3S, en tant que responsable de celui-ci, qui les utilisera aux fins sp\u00e9cifi\u00e9es ci-dessus dans la pr\u00e9sente politique de confidentialit\u00e9. Les soci\u00e9t\u00e9s qui font partie de PROP\u00d3S peuvent acc\u00e9der \u00e0 ces fichiers de donn\u00e9es dans la mesure o\u00f9 cela est n\u00e9cessaire pour r\u00e9pondre \u00e0 vos demandes ou pour g\u00e9rer l&rsquo;un des objectifs susmentionn\u00e9s.<\/p>\n<p>Les donn\u00e9es personnelles peuvent \u00e9galement \u00eatre communiqu\u00e9es aux employ\u00e9s ou collaborateurs de PROP\u00d3S et de son r\u00e9seau de vente. Ces parties sont formellement d\u00e9sign\u00e9es et autoris\u00e9es \u00e0 traiter et \u00e0 recevoir les instructions op\u00e9rationnelles appropri\u00e9es \u00e0 cet \u00e9gard.<\/p>\n<p><span style=\"font-family: bold !important; font-weight: normal; color: #6884a1; font-size: x-large;\">Droits de l&rsquo;ARCO<\/span><\/p>\n<p>La personne concern\u00e9e peut exercer ses droits \u00e0 l&rsquo;\u00e9gard du responsable du traitement des donn\u00e9es (PROP\u00d3S) \u00e0 tout moment, conform\u00e9ment au r\u00e8glement (UE) n\u00b0 679\/2016. Par cons\u00e9quent, la personne concern\u00e9e a le droit d&rsquo;obtenir la confirmation de l&rsquo;existence ou non de donn\u00e9es \u00e0 caract\u00e8re personnel la concernant et leur communication sous une forme intelligible ; d&rsquo;obtenir des indications sur l&rsquo;origine des donn\u00e9es, les finalit\u00e9s du traitement, les m\u00e9thodes de traitement, le responsable du traitement et son repr\u00e9sentant ainsi que les parties auxquelles les donn\u00e9es peuvent \u00eatre communiqu\u00e9es ; de faire rectifier, compl\u00e9ter et mettre \u00e0 jour les donn\u00e9es, ainsi que de les faire effacer ou de les transformer sous une forme anonyme.<\/p>\n<p>La personne concern\u00e9e peut demander \u00e0 tout moment la cessation des activit\u00e9s de traitement li\u00e9es au marketing direct, aux communications commerciales et aux \u00e9tudes de march\u00e9. Pour exercer efficacement ces droits, vous devez envoyer une communication \u00e9crite au gestionnaire du dossier PROP\u00d3S, accompagn\u00e9e d&rsquo;une copie de votre carte d&rsquo;identit\u00e9, ou via l&rsquo;adresse \u00e9lectronique\/le lien que nous fournissons dans toutes nos communications commerciales. En cas de r\u00e9ception d&rsquo;une demande d&rsquo;annulation, nous proc\u00e9derons \u00e0 la suppression de vos donn\u00e9es de notre liste de diffusion, dans les d\u00e9lais pr\u00e9vus par la loi.<\/p>\n<p>[\/et_pb_text][\/et_pb_column][\/et_pb_row][\/et_pb_section]<\/p>\n","protected":false},"excerpt":{"rendered":"<p>La politique de confidentialit\u00e9 a pour objet de d\u00e9crire la gestion, l&rsquo;utilisation et le traitement des donn\u00e9es personnelles de ses utilisateurs, conform\u00e9ment au r\u00e8glement UE 2016\/679, pour ceux qui se connectent au site web de l&rsquo;entreprise MBrand Consulting SL (EME Branding) \u00e0 l&rsquo;adresse www.emebranding.es.<\/p>\n","protected":false},"author":4,"featured_media":31725,"parent":0,"menu_order":0,"comment_status":"closed","ping_status":"closed","template":"","meta":{"_et_pb_use_builder":"on","_et_pb_old_content":"","_et_gb_content_width":"","footnotes":""},"dipi_cpt_category":[],"class_list":["post-31757","page","type-page","status-publish","has-post-thumbnail","hentry"],"yoast_head":"<!-- This site is optimized with the Yoast SEO plugin v27.3 - https:\/\/yoast.com\/product\/yoast-seo-wordpress\/ -->\n<title>Accesibilit\u00e9 &#8211; Prop\u00f3s | Sostenibilidad, ESG, Branding y Comunicaci\u00f3n en Madrid, Barcelona y Ginebra<\/title>\n<meta name=\"description\" content=\"Politique de confidentialit\u00e9 de l&#039;entreprise.\" \/>\n<meta name=\"robots\" content=\"noindex, nofollow\" \/>\n<meta property=\"og:locale\" content=\"fr_FR\" \/>\n<meta property=\"og:type\" content=\"article\" \/>\n<meta property=\"og:title\" content=\"Accesibilit\u00e9 &#8211; Prop\u00f3s | Sostenibilidad, ESG, Branding y Comunicaci\u00f3n en Madrid, Barcelona y Ginebra\" \/>\n<meta property=\"og:description\" content=\"Politique de confidentialit\u00e9 de l&#039;entreprise.\" \/>\n<meta property=\"og:url\" content=\"https:\/\/wearepropos.es\/fr\/accesibilite\/\" \/>\n<meta property=\"og:site_name\" content=\"Prop\u00f3s | Sostenibilidad, ESG, Branding y Comunicaci\u00f3n en Madrid, Barcelona y Ginebra\" \/>\n<meta property=\"article:modified_time\" content=\"2023-08-21T09:34:58+00:00\" \/>\n<meta property=\"og:image\" content=\"https:\/\/wearepropos.es\/wp-content\/uploads\/2023\/04\/fondo-generalista.png\" \/>\n\t<meta property=\"og:image:width\" content=\"1219\" \/>\n\t<meta property=\"og:image:height\" content=\"649\" \/>\n\t<meta property=\"og:image:type\" content=\"image\/png\" \/>\n<meta name=\"twitter:card\" content=\"summary_large_image\" \/>\n<meta name=\"twitter:label1\" content=\"Dur\u00e9e de lecture estim\u00e9e\" \/>\n\t<meta name=\"twitter:data1\" content=\"7 minutes\" \/>\n<script type=\"application\/ld+json\" class=\"yoast-schema-graph\">{\"@context\":\"https:\\\/\\\/schema.org\",\"@graph\":[{\"@type\":\"WebPage\",\"@id\":\"https:\\\/\\\/wearepropos.es\\\/fr\\\/accesibilite\\\/\",\"url\":\"https:\\\/\\\/wearepropos.es\\\/fr\\\/accesibilite\\\/\",\"name\":\"Accesibilit\u00e9 &#8211; Prop\u00f3s | Sostenibilidad, ESG, Branding y Comunicaci\u00f3n en Madrid, Barcelona y Ginebra\",\"isPartOf\":{\"@id\":\"https:\\\/\\\/wearepropos.es\\\/fr\\\/#website\"},\"primaryImageOfPage\":{\"@id\":\"https:\\\/\\\/wearepropos.es\\\/fr\\\/accesibilite\\\/#primaryimage\"},\"image\":{\"@id\":\"https:\\\/\\\/wearepropos.es\\\/fr\\\/accesibilite\\\/#primaryimage\"},\"thumbnailUrl\":\"https:\\\/\\\/wearepropos.es\\\/wp-content\\\/uploads\\\/2023\\\/04\\\/fondo-generalista.png\",\"datePublished\":\"2020-12-04T17:10:23+00:00\",\"dateModified\":\"2023-08-21T09:34:58+00:00\",\"description\":\"Politique de confidentialit\u00e9 de l'entreprise.\",\"breadcrumb\":{\"@id\":\"https:\\\/\\\/wearepropos.es\\\/fr\\\/accesibilite\\\/#breadcrumb\"},\"inLanguage\":\"fr-FR\",\"potentialAction\":[{\"@type\":\"ReadAction\",\"target\":[\"https:\\\/\\\/wearepropos.es\\\/fr\\\/accesibilite\\\/\"]}]},{\"@type\":\"ImageObject\",\"inLanguage\":\"fr-FR\",\"@id\":\"https:\\\/\\\/wearepropos.es\\\/fr\\\/accesibilite\\\/#primaryimage\",\"url\":\"https:\\\/\\\/wearepropos.es\\\/wp-content\\\/uploads\\\/2023\\\/04\\\/fondo-generalista.png\",\"contentUrl\":\"https:\\\/\\\/wearepropos.es\\\/wp-content\\\/uploads\\\/2023\\\/04\\\/fondo-generalista.png\",\"width\":1219,\"height\":649},{\"@type\":\"BreadcrumbList\",\"@id\":\"https:\\\/\\\/wearepropos.es\\\/fr\\\/accesibilite\\\/#breadcrumb\",\"itemListElement\":[{\"@type\":\"ListItem\",\"position\":1,\"name\":\"Portada\",\"item\":\"https:\\\/\\\/wearepropos.es\\\/fr\\\/\"},{\"@type\":\"ListItem\",\"position\":2,\"name\":\"Accesibilit\u00e9\"}]},{\"@type\":\"WebSite\",\"@id\":\"https:\\\/\\\/wearepropos.es\\\/fr\\\/#website\",\"url\":\"https:\\\/\\\/wearepropos.es\\\/fr\\\/\",\"name\":\"Prop\u00f3s | Sostenibilidad, ESG, Branding y Comunicaci\u00f3n en Madrid, Barcelona y Ginebra\",\"description\":\"Empresa y agencia consultora en Sostenibilidad, ESG, impacto social, informe no financiero, branding y dise\u00f1o en Madrid, Barcelona y Ginebra\",\"publisher\":{\"@id\":\"https:\\\/\\\/wearepropos.es\\\/fr\\\/#organization\"},\"potentialAction\":[{\"@type\":\"SearchAction\",\"target\":{\"@type\":\"EntryPoint\",\"urlTemplate\":\"https:\\\/\\\/wearepropos.es\\\/fr\\\/?s={search_term_string}\"},\"query-input\":{\"@type\":\"PropertyValueSpecification\",\"valueRequired\":true,\"valueName\":\"search_term_string\"}}],\"inLanguage\":\"fr-FR\"},{\"@type\":\"Organization\",\"@id\":\"https:\\\/\\\/wearepropos.es\\\/fr\\\/#organization\",\"name\":\"Prop\u00f3s\",\"url\":\"https:\\\/\\\/wearepropos.es\\\/fr\\\/\",\"logo\":{\"@type\":\"ImageObject\",\"inLanguage\":\"fr-FR\",\"@id\":\"https:\\\/\\\/wearepropos.es\\\/fr\\\/#\\\/schema\\\/logo\\\/image\\\/\",\"url\":\"http:\\\/\\\/wearepropos.es\\\/wp-content\\\/uploads\\\/2023\\\/04\\\/fondo-generalista.png\",\"contentUrl\":\"http:\\\/\\\/wearepropos.es\\\/wp-content\\\/uploads\\\/2023\\\/04\\\/fondo-generalista.png\",\"width\":1219,\"height\":649,\"caption\":\"Prop\u00f3s\"},\"image\":{\"@id\":\"https:\\\/\\\/wearepropos.es\\\/fr\\\/#\\\/schema\\\/logo\\\/image\\\/\"}}]}<\/script>\n<!-- \/ Yoast SEO plugin. -->","yoast_head_json":{"title":"Accesibilit\u00e9 &#8211; Prop\u00f3s | Sostenibilidad, ESG, Branding y Comunicaci\u00f3n en Madrid, Barcelona y Ginebra","description":"Politique de confidentialit\u00e9 de l'entreprise.","robots":{"index":"noindex","follow":"nofollow"},"og_locale":"fr_FR","og_type":"article","og_title":"Accesibilit\u00e9 &#8211; Prop\u00f3s | Sostenibilidad, ESG, Branding y Comunicaci\u00f3n en Madrid, Barcelona y Ginebra","og_description":"Politique de confidentialit\u00e9 de l'entreprise.","og_url":"https:\/\/wearepropos.es\/fr\/accesibilite\/","og_site_name":"Prop\u00f3s | Sostenibilidad, ESG, Branding y Comunicaci\u00f3n en Madrid, Barcelona y Ginebra","article_modified_time":"2023-08-21T09:34:58+00:00","og_image":[{"width":1219,"height":649,"url":"https:\/\/wearepropos.es\/wp-content\/uploads\/2023\/04\/fondo-generalista.png","type":"image\/png"}],"twitter_card":"summary_large_image","twitter_misc":{"Dur\u00e9e de lecture estim\u00e9e":"7 minutes"},"schema":{"@context":"https:\/\/schema.org","@graph":[{"@type":"WebPage","@id":"https:\/\/wearepropos.es\/fr\/accesibilite\/","url":"https:\/\/wearepropos.es\/fr\/accesibilite\/","name":"Accesibilit\u00e9 &#8211; Prop\u00f3s | Sostenibilidad, ESG, Branding y Comunicaci\u00f3n en Madrid, Barcelona y Ginebra","isPartOf":{"@id":"https:\/\/wearepropos.es\/fr\/#website"},"primaryImageOfPage":{"@id":"https:\/\/wearepropos.es\/fr\/accesibilite\/#primaryimage"},"image":{"@id":"https:\/\/wearepropos.es\/fr\/accesibilite\/#primaryimage"},"thumbnailUrl":"https:\/\/wearepropos.es\/wp-content\/uploads\/2023\/04\/fondo-generalista.png","datePublished":"2020-12-04T17:10:23+00:00","dateModified":"2023-08-21T09:34:58+00:00","description":"Politique de confidentialit\u00e9 de l'entreprise.","breadcrumb":{"@id":"https:\/\/wearepropos.es\/fr\/accesibilite\/#breadcrumb"},"inLanguage":"fr-FR","potentialAction":[{"@type":"ReadAction","target":["https:\/\/wearepropos.es\/fr\/accesibilite\/"]}]},{"@type":"ImageObject","inLanguage":"fr-FR","@id":"https:\/\/wearepropos.es\/fr\/accesibilite\/#primaryimage","url":"https:\/\/wearepropos.es\/wp-content\/uploads\/2023\/04\/fondo-generalista.png","contentUrl":"https:\/\/wearepropos.es\/wp-content\/uploads\/2023\/04\/fondo-generalista.png","width":1219,"height":649},{"@type":"BreadcrumbList","@id":"https:\/\/wearepropos.es\/fr\/accesibilite\/#breadcrumb","itemListElement":[{"@type":"ListItem","position":1,"name":"Portada","item":"https:\/\/wearepropos.es\/fr\/"},{"@type":"ListItem","position":2,"name":"Accesibilit\u00e9"}]},{"@type":"WebSite","@id":"https:\/\/wearepropos.es\/fr\/#website","url":"https:\/\/wearepropos.es\/fr\/","name":"Prop\u00f3s | Sostenibilidad, ESG, Branding y Comunicaci\u00f3n en Madrid, Barcelona y Ginebra","description":"Empresa y agencia consultora en Sostenibilidad, ESG, impacto social, informe no financiero, branding y dise\u00f1o en Madrid, Barcelona y Ginebra","publisher":{"@id":"https:\/\/wearepropos.es\/fr\/#organization"},"potentialAction":[{"@type":"SearchAction","target":{"@type":"EntryPoint","urlTemplate":"https:\/\/wearepropos.es\/fr\/?s={search_term_string}"},"query-input":{"@type":"PropertyValueSpecification","valueRequired":true,"valueName":"search_term_string"}}],"inLanguage":"fr-FR"},{"@type":"Organization","@id":"https:\/\/wearepropos.es\/fr\/#organization","name":"Prop\u00f3s","url":"https:\/\/wearepropos.es\/fr\/","logo":{"@type":"ImageObject","inLanguage":"fr-FR","@id":"https:\/\/wearepropos.es\/fr\/#\/schema\/logo\/image\/","url":"http:\/\/wearepropos.es\/wp-content\/uploads\/2023\/04\/fondo-generalista.png","contentUrl":"http:\/\/wearepropos.es\/wp-content\/uploads\/2023\/04\/fondo-generalista.png","width":1219,"height":649,"caption":"Prop\u00f3s"},"image":{"@id":"https:\/\/wearepropos.es\/fr\/#\/schema\/logo\/image\/"}}]}},"_links":{"self":[{"href":"https:\/\/wearepropos.es\/fr\/wp-json\/wp\/v2\/pages\/31757","targetHints":{"allow":["GET"]}}],"collection":[{"href":"https:\/\/wearepropos.es\/fr\/wp-json\/wp\/v2\/pages"}],"about":[{"href":"https:\/\/wearepropos.es\/fr\/wp-json\/wp\/v2\/types\/page"}],"author":[{"embeddable":true,"href":"https:\/\/wearepropos.es\/fr\/wp-json\/wp\/v2\/users\/4"}],"replies":[{"embeddable":true,"href":"https:\/\/wearepropos.es\/fr\/wp-json\/wp\/v2\/comments?post=31757"}],"version-history":[{"count":2,"href":"https:\/\/wearepropos.es\/fr\/wp-json\/wp\/v2\/pages\/31757\/revisions"}],"predecessor-version":[{"id":37958,"href":"https:\/\/wearepropos.es\/fr\/wp-json\/wp\/v2\/pages\/31757\/revisions\/37958"}],"wp:featuredmedia":[{"embeddable":true,"href":"https:\/\/wearepropos.es\/fr\/wp-json\/wp\/v2\/media\/31725"}],"wp:attachment":[{"href":"https:\/\/wearepropos.es\/fr\/wp-json\/wp\/v2\/media?parent=31757"}],"wp:term":[{"taxonomy":"dipi_cpt_category","embeddable":true,"href":"https:\/\/wearepropos.es\/fr\/wp-json\/wp\/v2\/dipi_cpt_category?post=31757"}],"curies":[{"name":"wp","href":"https:\/\/api.w.org\/{rel}","templated":true}]}}